{"id":28943,"date":"2021-12-14T19:50:56","date_gmt":"2021-12-14T18:50:56","guid":{"rendered":"http:\/\/beeclean.ch\/?page_id=28943"},"modified":"2022-01-13T23:09:13","modified_gmt":"2022-01-13T22:09:13","slug":"candidature-a-un-poste","status":"publish","type":"page","link":"https:\/\/beeclean.ch\/fr\/a-propos-de-nous\/candidature-a-un-poste\/","title":{"rendered":"Candidature \u00e0 un poste de nettoyage"},"content":{"rendered":"<div data-elementor-type=\"wp-page\" data-elementor-id=\"28943\" class=\"elementor elementor-28943\">\n\t\t\t\t\t\t\t\t\t<section class=\"elementor-section elementor-top-section elementor-element elementor-element-d1c93ff elementor-section-boxed elementor-section-height-default elementor-section-height-default\" data-id=\"d1c93ff\" data-element_type=\"section\">\n\t\t\t\t\t\t<div class=\"elementor-container elementor-column-gap-default\">\n\t\t\t\t\t<div class=\"elementor-column elementor-col-100 elementor-top-column elementor-element elementor-element-348c714\" data-id=\"348c714\" data-element_type=\"column\">\n\t\t\t<div class=\"elementor-widget-wrap elementor-element-populated\">\n\t\t\t\t\t\t\t\t<div class=\"elementor-element elementor-element-4397ced elementor-widget elementor-widget-heading\" data-id=\"4397ced\" data-element_type=\"widget\" data-widget_type=\"heading.default\">\n\t\t\t\t<div class=\"elementor-widget-container\">\n\t\t\t<style>\/*! elementor - v3.15.0 - 20-08-2023 *\/\n.elementor-heading-title{padding:0;margin:0;line-height:1}.elementor-widget-heading .elementor-heading-title[class*=elementor-size-]>a{color:inherit;font-size:inherit;line-height:inherit}.elementor-widget-heading .elementor-heading-title.elementor-size-small{font-size:15px}.elementor-widget-heading .elementor-heading-title.elementor-size-medium{font-size:19px}.elementor-widget-heading .elementor-heading-title.elementor-size-large{font-size:29px}.elementor-widget-heading .elementor-heading-title.elementor-size-xl{font-size:39px}.elementor-widget-heading .elementor-heading-title.elementor-size-xxl{font-size:59px}<\/style><h2 class=\"elementor-heading-title elementor-size-default\">Candidature \u00e0 un poste de nettoyage<\/h2>\t\t<\/div>\n\t\t\t\t<\/div>\n\t\t\t\t\t<\/div>\n\t\t<\/div>\n\t\t\t\t\t\t\t<\/div>\n\t\t<\/section>\n\t\t\t\t<section class=\"elementor-section elementor-top-section elementor-element elementor-element-d408f07 elementor-section-boxed elementor-section-height-default elementor-section-height-default\" data-id=\"d408f07\" data-element_type=\"section\">\n\t\t\t\t\t\t<div class=\"elementor-container elementor-column-gap-default\">\n\t\t\t\t\t<div class=\"elementor-column elementor-col-100 elementor-top-column elementor-element elementor-element-3629bef beeclean-form\" data-id=\"3629bef\" data-element_type=\"column\">\n\t\t\t<div class=\"elementor-widget-wrap elementor-element-populated\">\n\t\t\t\t\t\t\t\t<div class=\"elementor-element elementor-element-088ed7b elementor-widget elementor-widget-shortcode\" data-id=\"088ed7b\" data-element_type=\"widget\" data-widget_type=\"shortcode.default\">\n\t\t\t\t<div class=\"elementor-widget-container\">\n\t\t\t\t\t<div class=\"elementor-shortcode\"><\/div>\n\t\t\t\t<\/div>\n\t\t\t\t<\/div>\n\t\t\t\t<div class=\"elementor-element elementor-element-1568d6b elementor-widget elementor-widget-shortcode\" data-id=\"1568d6b\" data-element_type=\"widget\" data-widget_type=\"shortcode.default\">\n\t\t\t\t<div class=\"elementor-widget-container\">\n\t\t\t\t\t<div class=\"elementor-shortcode\">\n\n<div class=\"wpcf7 no-js\" id=\"wpcf7-f31025-o1\" lang=\"en-GB\" dir=\"ltr\">\n<div class=\"screen-reader-response\"><p role=\"status\" aria-live=\"polite\" aria-atomic=\"true\"><\/p> <ul><\/ul><\/div>\n<form action=\"\/fr\/wp-json\/wp\/v2\/pages\/28943#wpcf7-f31025-o1\" method=\"post\" class=\"wpcf7-form init\" aria-label=\"Contact form\" novalidate=\"novalidate\" data-status=\"init\" data-trp-original-action=\"\/fr\/wp-json\/wp\/v2\/pages\/28943#wpcf7-f31025-o1\">\n<div style=\"display: none;\">\n<input type=\"hidden\" name=\"_wpcf7\" value=\"31025\" \/>\n<input type=\"hidden\" name=\"_wpcf7_version\" value=\"5.8\" \/>\n<input type=\"hidden\" name=\"_wpcf7_locale\" value=\"en_GB\" \/>\n<input type=\"hidden\" name=\"_wpcf7_unit_tag\" value=\"wpcf7-f31025-o1\" \/>\n<input type=\"hidden\" name=\"_wpcf7_container_post\" value=\"0\" \/>\n<input type=\"hidden\" name=\"_wpcf7_posted_data_hash\" value=\"\" \/>\n<\/div>\n<div class=\"form-job-application\">\n\t<p>Veuillez remplir le formulaire ci-dessous.\n\t<\/p>\n\t<p><label style=\"margin-top: 20px;\"> Pr\u00e9nom et nom de famille <span class=\"forma-zvezdica\">*<\/span><br \/>\n<span class=\"wpcf7-form-control-wrap\" data-name=\"your-name\"><input size=\"40\" maxlength=\"40\" class=\"wpcf7-form-control wpcf7-text wpcf7-validates-as-required\" aria-required=\"true\" aria-invalid=\"false\" value=\"\" type=\"text\" name=\"your-name\" \/><\/span> <\/label>\n\t<\/p>\n\t<div class=\"row\">\n\t\t<div class=\"col-md-6\">\n\t\t\t<p><label> T\u00e9l\u00e9phone <span class=\"forma-zvezdica\">*<\/span><br \/>\n<span class=\"wpcf7-form-control-wrap\" data-name=\"Phone\"><input size=\"40\" maxlength=\"14\" class=\"wpcf7-form-control wpcf7-tel wpcf7-validates-as-required wpcf7-text wpcf7-validates-as-tel\" aria-required=\"true\" aria-invalid=\"false\" placeholder=\"\" value=\"\" type=\"tel\" name=\"Phone\" \/><\/span> <\/label>\n\t\t\t<\/p>\n\t\t<\/div>\n\t\t<div class=\"col-md-6\">\n\t\t\t<p><label> Adresse e-mail <span class=\"forma-zvezdica\">*<\/span><br \/>\n<span class=\"wpcf7-form-control-wrap\" data-name=\"your-email\"><input size=\"40\" maxlength=\"40\" class=\"wpcf7-form-control wpcf7-email wpcf7-validates-as-required wpcf7-text wpcf7-validates-as-email\" aria-required=\"true\" aria-invalid=\"false\" value=\"\" type=\"email\" name=\"your-email\" \/><\/span> <\/label>\n\t\t\t<\/p>\n\t\t<\/div>\n\t<\/div>\n\t<p><label> Avez-vous d\u00e9j\u00e0 travaill\u00e9 dans le secteur du nettoyage? <span class=\"forma-zvezdica\">*<\/span><br \/>\n<span class=\"wpcf7-form-control-wrap\" data-name=\"experience\"><select class=\"wpcf7-form-control wpcf7-select wpcf7-validates-as-required\" aria-required=\"true\" aria-invalid=\"false\" name=\"experience\"><option value=\"\">&#8212;Please choose an option&#8212;<\/option><option value=\"rien\">rien<\/option><option value=\"0-1 an\">0-1 an<\/option><option value=\"2-4 ann\u00e9es\">2-4 ann\u00e9es<\/option><option value=\"5-10 ann\u00e9es\">5-10 ann\u00e9es<\/option><option value=\"10+ ann\u00e9es\">10+ ann\u00e9es<\/option><\/select><\/span> <\/label>\n\t<\/p>\n\t<p><label> Avez-vous actuellement un emploi r\u00e9mun\u00e9r\u00e9? <span class=\"forma-zvezdica\">*<\/span><br \/>\n<span class=\"wpcf7-form-control-wrap\" data-name=\"employed\"><select class=\"wpcf7-form-control wpcf7-select wpcf7-validates-as-required\" aria-required=\"true\" aria-invalid=\"false\" name=\"employed\"><option value=\"\">&#8212;Please choose an option&#8212;<\/option><option value=\"Oui et travaillant pour une entreprise de nettoyage\">Oui et travaillant pour une entreprise de nettoyage<\/option><option value=\"A la recherche d&#039;une opportunit\u00e9 dans le domaine du nettoyage\">A la recherche d&#039;une opportunit\u00e9 dans le domaine du nettoyage<\/option><option value=\"Toujours en pause \u00e0 long terme\">Toujours en pause \u00e0 long terme<\/option><option value=\"Explorer les opportunit\u00e9s du march\u00e9\">Explorer les opportunit\u00e9s du march\u00e9<\/option><\/select><\/span> <\/label>\n\t<\/p>\n\t<p><label> Combien d'heures par semaine \u00eates-vous en mesure de travailler? <span class=\"forma-zvezdica\">*<\/span><br \/>\n<span class=\"wpcf7-form-control-wrap\" data-name=\"hours-per-week\"><select class=\"wpcf7-form-control wpcf7-select wpcf7-validates-as-required\" aria-required=\"true\" aria-invalid=\"false\" name=\"hours-per-week\"><option value=\"\">&#8212;Please choose an option&#8212;<\/option><option value=\"0-10\">0-10<\/option><option value=\"10-20\">10-20<\/option><option value=\"20-30\">20-30<\/option><option value=\"30-40\">30-40<\/option><option value=\"40+\">40+<\/option><\/select><\/span> <\/label>\n\t<\/p>\n\t<p><label> Quel type d'autorisation de s\u00e9jour d\u00e9tenez-vous? <span class=\"forma-zvezdica\">*<\/span><br \/>\n<span class=\"wpcf7-form-control-wrap\" data-name=\"licence\"><select class=\"wpcf7-form-control wpcf7-select wpcf7-validates-as-required\" aria-required=\"true\" aria-invalid=\"false\" name=\"licence\"><option value=\"\">&#8212;Please choose an option&#8212;<\/option><option value=\"Je suis Suisse\">Je suis Suisse<\/option><option value=\"Autorisation d&#039;\u00e9tablissement - permis C (livret C CE \/ AELE)\">Autorisation d&#039;\u00e9tablissement - permis C (livret C CE \/ AELE)<\/option><option value=\"Autorisation de s\u00e9jour - le permis B (livret B CE \/ AELE)\">Autorisation de s\u00e9jour - le permis B (livret B CE \/ AELE)<\/option><option value=\"Autorisation de s\u00e9jour avec activit\u00e9 lucrative - permis Ci (livret Ci UE \/ AELE)\">Autorisation de s\u00e9jour avec activit\u00e9 lucrative - permis Ci (livret Ci UE \/ AELE)<\/option><option value=\"Autorisation frontali\u00e8re - permis G (livret G CE \/ AELE)\">Autorisation frontali\u00e8re - permis G (livret G CE \/ AELE)<\/option><option value=\"Autorisation de courte dur\u00e9e - permis L (livret L CE \/ AELE)\">Autorisation de courte dur\u00e9e - permis L (livret L CE \/ AELE)<\/option><\/select><\/span> <\/label>\n\t<\/p>\n\t<p><label> Dites-nous quelques mots \u00e0 propos de vous et de votre exp\u00e9rience en la mati\u00e8re: (optionnel): <small>(max 300 characters)<\/small><br \/>\n<span class=\"wpcf7-form-control-wrap\" data-name=\"about-you\"><textarea cols=\"40\" rows=\"10\" maxlength=\"300\" class=\"wpcf7-form-control wpcf7-textarea wpcf7-validates-as-required\" aria-required=\"true\" aria-invalid=\"false\" name=\"about-you\"><\/textarea><\/span> <\/label>\n\t<\/p>\n\t<p><span class=\"wpcf7-form-control-wrap\" data-name=\"acceptance-267\"><span class=\"wpcf7-form-control wpcf7-acceptance\"><span class=\"wpcf7-list-item\"><label><input type=\"checkbox\" name=\"acceptance-267\" value=\"1\" class=\"nisamrobot\" aria-invalid=\"false\" \/><span class=\"wpcf7-list-item-label\"><span class=\"nisamrobottekst\">Je ne suis pas un robot<\/span><\/span><\/label><\/span><\/span><\/span><input class=\"wpcf7-form-control wpcf7-submit has-spinner\" type=\"submit\" value=\"Postuler\" \/>\n\t<\/p>\n<\/div><div class=\"wpcf7-response-output\" aria-hidden=\"true\"><\/div>\n<input type=\"hidden\" name=\"trp-form-language\" value=\"fr\"\/><\/form>\n<\/div>\n\n<\/div>\n\t\t\t\t<\/div>\n\t\t\t\t<\/div>\n\t\t\t\t\t<\/div>\n\t\t<\/div>\n\t\t\t\t\t\t\t<\/div>\n\t\t<\/section>\n\t\t\t\t\t\t\t<\/div>","protected":false},"excerpt":{"rendered":"<p>Candidature \u00e0 un poste de nettoyage<\/p>","protected":false},"author":1,"featured_media":0,"parent":28916,"menu_order":2,"comment_status":"closed","ping_status":"closed","template":"elementor_header_footer","meta":{"footnotes":""},"class_list":["post-28943","page","type-page","status-publish","hentry"],"yoast_head":"<!-- This site is optimized with the Yoast SEO plugin v27.5 - https:\/\/yoast.com\/product\/yoast-seo-wordpress\/ -->\n<title>Candidature \u00e0 un poste - BeeClean<\/title>\n<meta name=\"description\" content=\"Candidature \u00e0 un poste - Veuillez remplir le formulaire ci-dessous; Avez-vous d\u00e9j\u00e0 travaill\u00e9 dans le secteur du nettoyage...\" \/>\n<meta name=\"robots\" content=\"index, follow, max-snippet:-1, max-image-preview:large, max-video-preview:-1\" \/>\n<link rel=\"canonical\" href=\"https:\/\/beeclean.ch\/fr\/a-propos-de-nous\/candidature-a-un-poste\/\" \/>\n<meta property=\"og:locale\" content=\"fr_FR\" \/>\n<meta property=\"og:type\" content=\"article\" \/>\n<meta property=\"og:title\" content=\"Candidature \u00e0 un poste - BeeClean\" \/>\n<meta property=\"og:description\" content=\"Candidature \u00e0 un poste - Veuillez remplir le formulaire ci-dessous; Avez-vous d\u00e9j\u00e0 travaill\u00e9 dans le secteur du nettoyage...\" \/>\n<meta property=\"og:url\" content=\"https:\/\/beeclean.ch\/fr\/a-propos-de-nous\/candidature-a-un-poste\/\" \/>\n<meta property=\"og:site_name\" content=\"BeeClean\" \/>\n<meta property=\"article:modified_time\" content=\"2022-01-13T22:09:13+00:00\" \/>\n<meta property=\"og:image\" content=\"https:\/\/beeclean.ch\/wp-content\/uploads\/2021\/12\/1200x800.jpg\" \/>\n\t<meta property=\"og:image:width\" content=\"1200\" \/>\n\t<meta property=\"og:image:height\" content=\"800\" \/>\n\t<meta property=\"og:image:type\" content=\"image\/jpeg\" \/>\n<meta name=\"twitter:card\" content=\"summary_large_image\" \/>\n<meta name=\"twitter:label1\" content=\"Dur\u00e9e de lecture estim\u00e9e\" \/>\n\t<meta name=\"twitter:data1\" content=\"1 minute\" \/>\n<script type=\"application\/ld+json\" class=\"yoast-schema-graph\">{\"@context\":\"https:\\\/\\\/schema.org\",\"@graph\":[{\"@type\":\"WebPage\",\"@id\":\"https:\\\/\\\/beeclean.ch\\\/a-propos-de-nous\\\/candidature-a-un-poste\\\/\",\"url\":\"https:\\\/\\\/beeclean.ch\\\/a-propos-de-nous\\\/candidature-a-un-poste\\\/\",\"name\":\"Candidature \u00e0 un poste - BeeClean\",\"isPartOf\":{\"@id\":\"https:\\\/\\\/beeclean.ch\\\/#website\"},\"datePublished\":\"2021-12-14T18:50:56+00:00\",\"dateModified\":\"2022-01-13T22:09:13+00:00\",\"description\":\"Candidature \u00e0 un poste - Veuillez remplir le formulaire ci-dessous; Avez-vous d\u00e9j\u00e0 travaill\u00e9 dans le secteur du nettoyage...\",\"breadcrumb\":{\"@id\":\"https:\\\/\\\/beeclean.ch\\\/a-propos-de-nous\\\/candidature-a-un-poste\\\/#breadcrumb\"},\"inLanguage\":\"fr-FR\",\"potentialAction\":[{\"@type\":\"ReadAction\",\"target\":[\"https:\\\/\\\/beeclean.ch\\\/a-propos-de-nous\\\/candidature-a-un-poste\\\/\"]}]},{\"@type\":\"BreadcrumbList\",\"@id\":\"https:\\\/\\\/beeclean.ch\\\/a-propos-de-nous\\\/candidature-a-un-poste\\\/#breadcrumb\",\"itemListElement\":[{\"@type\":\"ListItem\",\"position\":1,\"name\":\"Home\",\"item\":\"https:\\\/\\\/beeclean.ch\\\/\"},{\"@type\":\"ListItem\",\"position\":2,\"name\":\"About us\",\"item\":\"https:\\\/\\\/beeclean.ch\\\/a-propos-de-nous\\\/\"},{\"@type\":\"ListItem\",\"position\":3,\"name\":\"Cleaning job application\"}]},{\"@type\":\"WebSite\",\"@id\":\"https:\\\/\\\/beeclean.ch\\\/#website\",\"url\":\"https:\\\/\\\/beeclean.ch\\\/\",\"name\":\"BeeClean\",\"description\":\"Green and Covid secure cleaning\",\"publisher\":{\"@id\":\"https:\\\/\\\/beeclean.ch\\\/#organization\"},\"potentialAction\":[{\"@type\":\"SearchAction\",\"target\":{\"@type\":\"EntryPoint\",\"urlTemplate\":\"https:\\\/\\\/beeclean.ch\\\/?s={search_term_string}\"},\"query-input\":{\"@type\":\"PropertyValueSpecification\",\"valueRequired\":true,\"valueName\":\"search_term_string\"}}],\"inLanguage\":\"fr-FR\"},{\"@type\":\"Organization\",\"@id\":\"https:\\\/\\\/beeclean.ch\\\/#organization\",\"name\":\"BeeClean\",\"url\":\"https:\\\/\\\/beeclean.ch\\\/\",\"logo\":{\"@type\":\"ImageObject\",\"inLanguage\":\"fr-FR\",\"@id\":\"https:\\\/\\\/beeclean.ch\\\/#\\\/schema\\\/logo\\\/image\\\/\",\"url\":\"https:\\\/\\\/beeclean.ch\\\/wp-content\\\/uploads\\\/2021\\\/12\\\/1200x800.jpg\",\"contentUrl\":\"https:\\\/\\\/beeclean.ch\\\/wp-content\\\/uploads\\\/2021\\\/12\\\/1200x800.jpg\",\"width\":1200,\"height\":800,\"caption\":\"BeeClean\"},\"image\":{\"@id\":\"https:\\\/\\\/beeclean.ch\\\/#\\\/schema\\\/logo\\\/image\\\/\"}}]}<\/script>\n<!-- \/ Yoast SEO plugin. -->","yoast_head_json":{"title":"Candidature \u00e0 un poste - BeeClean","description":"Candidature \u00e0 un poste - Veuillez remplir le formulaire ci-dessous; Avez-vous d\u00e9j\u00e0 travaill\u00e9 dans le secteur du nettoyage...","robots":{"index":"index","follow":"follow","max-snippet":"max-snippet:-1","max-image-preview":"max-image-preview:large","max-video-preview":"max-video-preview:-1"},"canonical":"https:\/\/beeclean.ch\/fr\/a-propos-de-nous\/candidature-a-un-poste\/","og_locale":"fr_FR","og_type":"article","og_title":"Candidature \u00e0 un poste - BeeClean","og_description":"Candidature \u00e0 un poste - Veuillez remplir le formulaire ci-dessous; Avez-vous d\u00e9j\u00e0 travaill\u00e9 dans le secteur du nettoyage...","og_url":"https:\/\/beeclean.ch\/fr\/a-propos-de-nous\/candidature-a-un-poste\/","og_site_name":"BeeClean","article_modified_time":"2022-01-13T22:09:13+00:00","og_image":[{"width":1200,"height":800,"url":"https:\/\/beeclean.ch\/wp-content\/uploads\/2021\/12\/1200x800.jpg","type":"image\/jpeg"}],"twitter_card":"summary_large_image","twitter_misc":{"Dur\u00e9e de lecture estim\u00e9e":"1 minute"},"schema":{"@context":"https:\/\/schema.org","@graph":[{"@type":"WebPage","@id":"https:\/\/beeclean.ch\/a-propos-de-nous\/candidature-a-un-poste\/","url":"https:\/\/beeclean.ch\/a-propos-de-nous\/candidature-a-un-poste\/","name":"Candidature \u00e0 un poste - BeeClean","isPartOf":{"@id":"https:\/\/beeclean.ch\/#website"},"datePublished":"2021-12-14T18:50:56+00:00","dateModified":"2022-01-13T22:09:13+00:00","description":"Candidature \u00e0 un poste - Veuillez remplir le formulaire ci-dessous; Avez-vous d\u00e9j\u00e0 travaill\u00e9 dans le secteur du nettoyage...","breadcrumb":{"@id":"https:\/\/beeclean.ch\/a-propos-de-nous\/candidature-a-un-poste\/#breadcrumb"},"inLanguage":"fr-FR","potentialAction":[{"@type":"ReadAction","target":["https:\/\/beeclean.ch\/a-propos-de-nous\/candidature-a-un-poste\/"]}]},{"@type":"BreadcrumbList","@id":"https:\/\/beeclean.ch\/a-propos-de-nous\/candidature-a-un-poste\/#breadcrumb","itemListElement":[{"@type":"ListItem","position":1,"name":"Home","item":"https:\/\/beeclean.ch\/"},{"@type":"ListItem","position":2,"name":"About us","item":"https:\/\/beeclean.ch\/a-propos-de-nous\/"},{"@type":"ListItem","position":3,"name":"Cleaning job application"}]},{"@type":"WebSite","@id":"https:\/\/beeclean.ch\/#website","url":"https:\/\/beeclean.ch\/","name":"BeeClean","description":"Green and Covid secure cleaning","publisher":{"@id":"https:\/\/beeclean.ch\/#organization"},"potentialAction":[{"@type":"SearchAction","target":{"@type":"EntryPoint","urlTemplate":"https:\/\/beeclean.ch\/?s={search_term_string}"},"query-input":{"@type":"PropertyValueSpecification","valueRequired":true,"valueName":"search_term_string"}}],"inLanguage":"fr-FR"},{"@type":"Organization","@id":"https:\/\/beeclean.ch\/#organization","name":"BeeClean","url":"https:\/\/beeclean.ch\/","logo":{"@type":"ImageObject","inLanguage":"fr-FR","@id":"https:\/\/beeclean.ch\/#\/schema\/logo\/image\/","url":"https:\/\/beeclean.ch\/wp-content\/uploads\/2021\/12\/1200x800.jpg","contentUrl":"https:\/\/beeclean.ch\/wp-content\/uploads\/2021\/12\/1200x800.jpg","width":1200,"height":800,"caption":"BeeClean"},"image":{"@id":"https:\/\/beeclean.ch\/#\/schema\/logo\/image\/"}}]}},"_links":{"self":[{"href":"https:\/\/beeclean.ch\/fr\/wp-json\/wp\/v2\/pages\/28943","targetHints":{"allow":["GET"]}}],"collection":[{"href":"https:\/\/beeclean.ch\/fr\/wp-json\/wp\/v2\/pages"}],"about":[{"href":"https:\/\/beeclean.ch\/fr\/wp-json\/wp\/v2\/types\/page"}],"author":[{"embeddable":true,"href":"https:\/\/beeclean.ch\/fr\/wp-json\/wp\/v2\/users\/1"}],"replies":[{"embeddable":true,"href":"https:\/\/beeclean.ch\/fr\/wp-json\/wp\/v2\/comments?post=28943"}],"version-history":[{"count":21,"href":"https:\/\/beeclean.ch\/fr\/wp-json\/wp\/v2\/pages\/28943\/revisions"}],"predecessor-version":[{"id":32086,"href":"https:\/\/beeclean.ch\/fr\/wp-json\/wp\/v2\/pages\/28943\/revisions\/32086"}],"up":[{"embeddable":true,"href":"https:\/\/beeclean.ch\/fr\/wp-json\/wp\/v2\/pages\/28916"}],"wp:attachment":[{"href":"https:\/\/beeclean.ch\/fr\/wp-json\/wp\/v2\/media?parent=28943"}],"curies":[{"name":"wp","href":"https:\/\/api.w.org\/{rel}","templated":true}]}}